{"id":2333,"date":"2023-12-06T20:54:08","date_gmt":"2023-12-06T23:54:08","guid":{"rendered":"https:\/\/jplgroupexcavaciones.com\/?page_id=2333"},"modified":"2023-12-06T21:02:13","modified_gmt":"2023-12-07T00:02:13","slug":"plateas","status":"publish","type":"page","link":"https:\/\/jplgroupexcavaciones.com\/index.php\/plateas\/","title":{"rendered":"Plateas\u200b"},"content":{"rendered":"\n<div class=\"wp-block-uagb-container uagb-block-afe50d5d alignfull uagb-is-root-container\"><div class=\"uagb-container-inner-blocks-wrap\">\n<div class=\"wp-block-uagb-advanced-heading uagb-block-e82abde7\"><h1 class=\"uagb-heading-text\">Plateas<\/h1><p class=\"uagb-desc-text\">Las excavaciones en platea de terrenos implican la remoci\u00f3n y preparaci\u00f3n de suelo para la construcci\u00f3n de una losa de cimentaci\u00f3n a nivel de suelo. Esta pr\u00e1ctica es crucial para establecer una base s\u00f3lida y uniforme que distribuya adecuadamente las cargas de la estructura. La platea act\u00faa como una superficie de apoyo integral, reduciendo los asentamientos diferenciales y mejorando la estabilidad de la construcci\u00f3n. En resumen, las excavaciones en platea son esenciales para asegurar cimientos robustos, minimizar riesgos estructurales y proporcionar una base s\u00f3lida para edificaciones residenciales, comerciales e industriales.<\/p><\/div>\n<\/div><\/div>\n\n\n\n<div class=\"wp-block-uagb-container uag-hide-desktop uag-hide-tab uagb-block-d9e25e6d alignfull uagb-is-root-container\"><div class=\"uagb-container-inner-blocks-wrap\">\t\t\t\t\t<div\n\t\t\t\t\t\tclass=\"wp-block-uagb-image-gallery uagb-block-89f22e27     \"\n\t\t\t\t\t\tstyle=\"\"\n\t\t\t\t\t>\n\t\t\t\t\t\t\t\t\t\t\t<div class=\"spectra-image-gallery spectra-image-gallery__layout--isogrid spectra-image-gallery__layout--isogrid-col-3 spectra-image-gallery__layout--isogrid-col-tab-3 spectra-image-gallery__layout--isogrid-col-mob-1\">\n\t\t\t\t\t\t\t\t\t\t\t<div class='spectra-image-gallery__media-wrapper--isotope'>\n\t\t\t\t\t\t\t<div class='spectra-image-gallery__media-wrapper' data-spectra-gallery-image-id='2358' tabindex=\"0\">\n\t\t\t\t\t\t\t<div class=\"spectra-image-gallery__media spectra-image-gallery__media--grid\">\n\t\t\t\t<picture>\n\t\t\t\t\t<source media=\"(min-width: 1024px)\" srcset=\"https:\/\/jplgroupexcavaciones.com\/wp-content\/uploads\/2023\/12\/Plateas-1024x768.jpg\">\n\t\t\t\t\t<source media=\"(min-width: 768px)\" srcset=\"https:\/\/jplgroupexcavaciones.com\/wp-content\/uploads\/2023\/12\/Plateas-1024x768.jpg\">\n\t\t\t\t\t<img decoding=\"async\" class=\"spectra-image-gallery__media-thumbnail spectra-image-gallery__media-thumbnail--grid\" src=\"https:\/\/jplgroupexcavaciones.com\/wp-content\/uploads\/2023\/12\/Plateas-scaled.jpg\" alt=\"\" loading=\"lazy\" \/>\n\t\t\t\t<\/picture>\n\t\t\t\t<div class=\"spectra-image-gallery__media-thumbnail-blurrer\"><\/div>\n\t\t\t\t\t\t\t\t\t\t\t<div class=\"spectra-image-gallery__media-thumbnail-caption-wrapper spectra-image-gallery__media-thumbnail-caption-wrapper--overlay\"><\/div>\n\t\t\t\t\t\t\t\t<\/div>\n\t\t\t\t\t\t<\/div>\n\t\t\t\t\t\t<\/div>\n\t\t\t\t\t\t\t\t\t\t<\/div>\n\t\t\t\t\t\t\t\t\t\t<div class=\"spectra-image-gallery__control-wrapper\">\n\t\t\t\t<button data-role=\"none\" class=\"spectra-image-gallery__control-arrows spectra-image-gallery__control-arrows--grid\" aria-label=\"Previous\" tabIndex=\"0\" data-direction=\"Prev\" disabled>\n\t\t\t\t\t<svg width=\"20\" height=\"20\" viewBox=\"0 0 256 512\" aria-hidden=\"true\">\n\t\t\t\t\t\t<path d=\"M31.7 239l136-136c9.4-9.4 24.6-9.4 33.9 0l22.6 22.6c9.4 9.4 9.4 24.6 0 33.9L127.9 256l96.4 96.4c9.4 9.4 9.4 24.6 0 33.9L201.7 409c-9.4 9.4-24.6 9.4-33.9 0l-136-136c-9.5-9.4-9.5-24.6-.1-34z\">\n\t\t\t\t\t\t<\/path>\n\t\t\t\t\t<\/svg>\n\t\t\t\t<\/button>\n\t\t\t\t<ul class=\"spectra-image-gallery__control-dots\">\n\t\t\t\t\t\t\t\t\t\t\t<li class=\"spectra-image-gallery__control-dot spectra-image-gallery__control-dot--active\" data-go-to=\"1\">\n\t\t\t\t\t\t\t<button aria-label=\"Page 1\"><\/button>\n\t\t\t\t\t\t<\/li>\n\t\t\t\t\t\t\t\t\t\t\t\t<li class=\"spectra-image-gallery__control-dot\" data-go-to=\"2\">\n\t\t\t\t\t\t\t<button aria-label=\"Page 2\"><\/button>\n\t\t\t\t\t\t<\/li>\n\t\t\t\t\t\t\t\t\t\t\t\t<li class=\"spectra-image-gallery__control-dot\" data-go-to=\"3\">\n\t\t\t\t\t\t\t<button aria-label=\"Page 3\"><\/button>\n\t\t\t\t\t\t<\/li>\n\t\t\t\t\t\t\t\t\t\t\t\t<li class=\"spectra-image-gallery__control-dot\" data-go-to=\"4\">\n\t\t\t\t\t\t\t<button aria-label=\"Page 4\"><\/button>\n\t\t\t\t\t\t<\/li>\n\t\t\t\t\t\t\t\t\t\t\t\t<li class=\"spectra-image-gallery__control-dot\" data-go-to=\"5\">\n\t\t\t\t\t\t\t<button aria-label=\"Page 5\"><\/button>\n\t\t\t\t\t\t<\/li>\n\t\t\t\t\t\t\t\t\t\t\t\t<li class=\"spectra-image-gallery__control-dot\" data-go-to=\"6\">\n\t\t\t\t\t\t\t<button aria-label=\"Page 6\"><\/button>\n\t\t\t\t\t\t<\/li>\n\t\t\t\t\t\t\t\t\t\t<\/ul>\n\t\t\t\t<button data-role=\"none\" class=\"spectra-image-gallery__control-arrows spectra-image-gallery__control-arrows--grid\" aria-label=\"Next\" tabindex=\"0\" data-direction=\"Next\">\n\t\t\t\t\t<svg width=\"20\" height=\"20\" viewBox=\"0 0 256 512\" aria-hidden=\"true\">\n\t\t\t\t\t\t<path d=\"M224.3 273l-136 136c-9.4 9.4-24.6 9.4-33.9 0l-22.6-22.6c-9.4-9.4-9.4-24.6 0-33.9l96.4-96.4-96.4-96.4c-9.4-9.4-9.4-24.6 0-33.9L54.3 103c9.4-9.4 24.6-9.4 33.9 0l136 136c9.5 9.4 9.5 24.6.1 34z\">\n\t\t\t\t\t\t<\/path>\n\t\t\t\t\t<\/svg>\n\t\t\t\t<\/button>\n\t\t\t<\/div>\n\t\t\t\t\t\t\t\t\t\t\t\t\t\t<\/div>\n\t\t\t\t\t\t\t\t\t<\/div><\/div>\n\n\n\n<div class=\"wp-block-uagb-container uag-hide-mob uagb-block-a1b43c48 alignfull uagb-is-root-container\"><div class=\"uagb-container-inner-blocks-wrap\">\t\t\t\t\t<div\n\t\t\t\t\t\tclass=\"wp-block-uagb-image-gallery uagb-block-9bd58703     \"\n\t\t\t\t\t\tstyle=\"\"\n\t\t\t\t\t>\n\t\t\t\t\t\t\t\t\t\t\t<div class=\"spectra-image-gallery spectra-image-gallery__layout--isogrid spectra-image-gallery__layout--isogrid-col-3 spectra-image-gallery__layout--isogrid-col-tab-4 spectra-image-gallery__layout--isogrid-col-mob-4\">\n\t\t\t\t\t\t\t\t\t\t\t<div class='spectra-image-gallery__media-wrapper--isotope'>\n\t\t\t\t\t\t\t<div class='spectra-image-gallery__media-wrapper' data-spectra-gallery-image-id='2353' tabindex=\"0\">\n\t\t\t\t\t\t\t<div class=\"spectra-image-gallery__media spectra-image-gallery__media--grid\">\n\t\t\t\t<picture>\n\t\t\t\t\t<source media=\"(min-width: 1024px)\" srcset=\"https:\/\/jplgroupexcavaciones.com\/wp-content\/uploads\/2023\/12\/Platea-2-1024x768.jpg\">\n\t\t\t\t\t<source media=\"(min-width: 768px)\" srcset=\"https:\/\/jplgroupexcavaciones.com\/wp-content\/uploads\/2023\/12\/Platea-2-1024x768.jpg\">\n\t\t\t\t\t<img decoding=\"async\" class=\"spectra-image-gallery__media-thumbnail spectra-image-gallery__media-thumbnail--grid\" src=\"https:\/\/jplgroupexcavaciones.com\/wp-content\/uploads\/2023\/12\/Platea-2-300x225.jpg\" alt=\"\" loading=\"lazy\" \/>\n\t\t\t\t<\/picture>\n\t\t\t\t<div class=\"spectra-image-gallery__media-thumbnail-blurrer\"><\/div>\n\t\t\t\t\t\t\t\t\t\t\t<div class=\"spectra-image-gallery__media-thumbnail-caption-wrapper spectra-image-gallery__media-thumbnail-caption-wrapper--overlay\"><\/div>\n\t\t\t\t\t\t\t\t<\/div>\n\t\t\t\t\t\t<\/div>\n\t\t\t\t\t\t<\/div>\n\t\t\t\t\t\t<div class='spectra-image-gallery__media-wrapper--isotope'>\n\t\t\t\t\t\t\t<div class='spectra-image-gallery__media-wrapper' data-spectra-gallery-image-id='2354' tabindex=\"0\">\n\t\t\t\t\t\t\t<div class=\"spectra-image-gallery__media spectra-image-gallery__media--grid\">\n\t\t\t\t<picture>\n\t\t\t\t\t<source media=\"(min-width: 1024px)\" srcset=\"https:\/\/jplgroupexcavaciones.com\/wp-content\/uploads\/2023\/12\/Platea-1-1024x768.jpg\">\n\t\t\t\t\t<source media=\"(min-width: 768px)\" srcset=\"https:\/\/jplgroupexcavaciones.com\/wp-content\/uploads\/2023\/12\/Platea-1-1024x768.jpg\">\n\t\t\t\t\t<img decoding=\"async\" class=\"spectra-image-gallery__media-thumbnail spectra-image-gallery__media-thumbnail--grid\" src=\"https:\/\/jplgroupexcavaciones.com\/wp-content\/uploads\/2023\/12\/Platea-1-300x225.jpg\" alt=\"\" loading=\"lazy\" \/>\n\t\t\t\t<\/picture>\n\t\t\t\t<div class=\"spectra-image-gallery__media-thumbnail-blurrer\"><\/div>\n\t\t\t\t\t\t\t\t\t\t\t<div class=\"spectra-image-gallery__media-thumbnail-caption-wrapper spectra-image-gallery__media-thumbnail-caption-wrapper--overlay\"><\/div>\n\t\t\t\t\t\t\t\t<\/div>\n\t\t\t\t\t\t<\/div>\n\t\t\t\t\t\t<\/div>\n\t\t\t\t\t\t<div class='spectra-image-gallery__media-wrapper--isotope'>\n\t\t\t\t\t\t\t<div class='spectra-image-gallery__media-wrapper' data-spectra-gallery-image-id='2355' tabindex=\"0\">\n\t\t\t\t\t\t\t<div class=\"spectra-image-gallery__media spectra-image-gallery__media--grid\">\n\t\t\t\t<picture>\n\t\t\t\t\t<source media=\"(min-width: 1024px)\" srcset=\"https:\/\/jplgroupexcavaciones.com\/wp-content\/uploads\/2023\/12\/Platea-1024x768.jpg\">\n\t\t\t\t\t<source media=\"(min-width: 768px)\" srcset=\"https:\/\/jplgroupexcavaciones.com\/wp-content\/uploads\/2023\/12\/Platea-1024x768.jpg\">\n\t\t\t\t\t<img decoding=\"async\" class=\"spectra-image-gallery__media-thumbnail spectra-image-gallery__media-thumbnail--grid\" src=\"https:\/\/jplgroupexcavaciones.com\/wp-content\/uploads\/2023\/12\/Platea-300x225.jpg\" alt=\"\" loading=\"lazy\" \/>\n\t\t\t\t<\/picture>\n\t\t\t\t<div class=\"spectra-image-gallery__media-thumbnail-blurrer\"><\/div>\n\t\t\t\t\t\t\t\t\t\t\t<div class=\"spectra-image-gallery__media-thumbnail-caption-wrapper spectra-image-gallery__media-thumbnail-caption-wrapper--overlay\"><\/div>\n\t\t\t\t\t\t\t\t<\/div>\n\t\t\t\t\t\t<\/div>\n\t\t\t\t\t\t<\/div>\n\t\t\t\t\t\t\t\t\t\t<\/div>\n\t\t\t\t\t\t\t\t\t\t<div class=\"spectra-image-gallery__control-wrapper\">\n\t\t\t\t<button data-role=\"none\" class=\"spectra-image-gallery__control-arrows spectra-image-gallery__control-arrows--grid\" aria-label=\"Previous\" tabIndex=\"0\" data-direction=\"Prev\" disabled>\n\t\t\t\t\t<svg width=\"20\" height=\"20\" viewBox=\"0 0 256 512\" aria-hidden=\"true\">\n\t\t\t\t\t\t<path d=\"M31.7 239l136-136c9.4-9.4 24.6-9.4 33.9 0l22.6 22.6c9.4 9.4 9.4 24.6 0 33.9L127.9 256l96.4 96.4c9.4 9.4 9.4 24.6 0 33.9L201.7 409c-9.4 9.4-24.6 9.4-33.9 0l-136-136c-9.5-9.4-9.5-24.6-.1-34z\">\n\t\t\t\t\t\t<\/path>\n\t\t\t\t\t<\/svg>\n\t\t\t\t<\/button>\n\t\t\t\t<ul class=\"spectra-image-gallery__control-dots\">\n\t\t\t\t\t\t\t\t\t\t\t<li class=\"spectra-image-gallery__control-dot spectra-image-gallery__control-dot--active\" data-go-to=\"1\">\n\t\t\t\t\t\t\t<button aria-label=\"Page 1\"><\/button>\n\t\t\t\t\t\t<\/li>\n\t\t\t\t\t\t\t\t\t\t\t\t<li class=\"spectra-image-gallery__control-dot\" data-go-to=\"2\">\n\t\t\t\t\t\t\t<button aria-label=\"Page 2\"><\/button>\n\t\t\t\t\t\t<\/li>\n\t\t\t\t\t\t\t\t\t\t<\/ul>\n\t\t\t\t<button data-role=\"none\" class=\"spectra-image-gallery__control-arrows spectra-image-gallery__control-arrows--grid\" aria-label=\"Next\" tabindex=\"0\" data-direction=\"Next\">\n\t\t\t\t\t<svg width=\"20\" height=\"20\" viewBox=\"0 0 256 512\" aria-hidden=\"true\">\n\t\t\t\t\t\t<path d=\"M224.3 273l-136 136c-9.4 9.4-24.6 9.4-33.9 0l-22.6-22.6c-9.4-9.4-9.4-24.6 0-33.9l96.4-96.4-96.4-96.4c-9.4-9.4-9.4-24.6 0-33.9L54.3 103c9.4-9.4 24.6-9.4 33.9 0l136 136c9.5 9.4 9.5 24.6.1 34z\">\n\t\t\t\t\t\t<\/path>\n\t\t\t\t\t<\/svg>\n\t\t\t\t<\/button>\n\t\t\t<\/div>\n\t\t\t\t\t\t\t\t\t\t\t\t\t\t<\/div>\n\t\t\t\t\t\t\t\t\t<\/div><\/div>\n\n\n\n<div class=\"wp-block-uagb-container uagb-block-08e8b839 alignfull uagb-is-root-container\"><div class=\"uagb-container-inner-blocks-wrap\">\n<div class=\"wp-block-uagb-container uagb-block-b5cbe8b1 alignfull uagb-is-root-container\"><div class=\"uagb-container-inner-blocks-wrap\">\n<div class=\"wp-block-uagb-container uagb-block-359af275\">\n<div class=\"wp-block-uagb-info-box uagb-block-bd48fc1d uagb-infobox__content-wrap  uagb-infobox_cta-type-all uagb-infobox-icon-left uagb-infobox-left uagb-infobox-image-valign-top\"><a href=\"https:\/\/www.google.com\/maps\/place\/15200+Atl%C3%A1ntida,+Departamento+de+Canelones\/@-34.762965,-55.7582216,14z\/data=!3m1!4b1!4m6!3m5!1s0x959ff53a7d09b749:0xf1a0b86c0ebe409e!8m2!3d-34.7742796!4d-55.7590249!16s%2Fm%2F0gtwx_0?entry=ttu\" class=\"uagb-infobox-link-wrap uagb-infbox__link-to-all\" target=\"_blank\" aria-label=\"Infobox Link\" rel=\"noopener noreferrer\" onclick=\"return true;\"><\/a><div class=\"uagb-ifb-icon-wrap\"><svg xmlns=\"https:\/\/www.w3.org\/2000\/svg\" viewBox=\"0 0 384 512\"><path d=\"M168.3 499.2C116.1 435 0 279.4 0 192C0 85.96 85.96 0 192 0C298 0 384 85.96 384 192C384 279.4 267 435 215.7 499.2C203.4 514.5 180.6 514.5 168.3 499.2H168.3zM192 256C227.3 256 256 227.3 256 192C256 156.7 227.3 128 192 128C156.7 128 128 156.7 128 192C128 227.3 156.7 256 192 256z\"><\/path><\/svg><\/div><div class=\"uagb-ifb-content\"><div class=\"uagb-ifb-title-wrap\"><h4 class=\"uagb-ifb-title\">Direcci\u00f3n<\/h4><\/div><p class=\"uagb-ifb-desc\">Atl\u00e1ntida, Canelones Uruguay<\/p><div class=\"uagb-ifb-button-wrapper wp-block-button\"><\/div><\/div><\/div>\n<\/div>\n\n\n\n<div class=\"wp-block-uagb-container uagb-block-d217789a\">\n<div class=\"wp-block-uagb-info-box uagb-block-63eacc43 uagb-infobox__content-wrap  uagb-infobox_cta-type-all uagb-infobox-icon-left uagb-infobox-left uagb-infobox-image-valign-top\"><a href=\"https:\/\/api.whatsapp.com\/send\/?phone=59895962433&amp;text&amp;type=phone_number&amp;app_absent=0\" class=\"uagb-infobox-link-wrap uagb-infbox__link-to-all\" target=\"_blank\" aria-label=\"Infobox Link\" rel=\"noopener noreferrer\" onclick=\"return true;\"><\/a><div class=\"uagb-ifb-icon-wrap\"><svg xmlns=\"https:\/\/www.w3.org\/2000\/svg\" viewBox=\"0 0 512 512\"><path d=\"M18.92 351.2l108.5-46.52c12.78-5.531 27.77-1.801 36.45 8.98l44.09 53.82c69.25-34 125.5-90.31 159.5-159.5l-53.81-44.04c-10.75-8.781-14.41-23.69-8.974-36.47l46.51-108.5c6.094-13.91 21.1-21.52 35.79-18.11l100.8 23.25c14.25 3.25 24.22 15.8 24.22 30.46c0 252.3-205.2 457.5-457.5 457.5c-14.67 0-27.18-9.968-30.45-24.22l-23.25-100.8C-2.571 372.4 5.018 357.2 18.92 351.2z\"><\/path><\/svg><\/div><div class=\"uagb-ifb-content\"><div class=\"uagb-ifb-title-wrap\"><h4 class=\"uagb-ifb-title\">Tel\u00e9fono<\/h4><\/div><p class=\"uagb-ifb-desc\">095 962 433<\/p><div class=\"uagb-ifb-button-wrapper wp-block-button\"><\/div><\/div><\/div>\n<\/div>\n\n\n\n<div class=\"wp-block-uagb-container uagb-block-4fabf8fa\">\n<div class=\"wp-block-uagb-info-box uagb-block-aa1094f3 uagb-infobox__content-wrap  uagb-infobox_cta-type-all uagb-infobox-icon-left uagb-infobox-left uagb-infobox-image-valign-top\"><a href=\"https:\/\/mail.google.com\/mail\/u\/0\/#inbox\" class=\"uagb-infobox-link-wrap uagb-infbox__link-to-all\" target=\"_blank\" aria-label=\"Infobox Link\" rel=\"noopener noreferrer\" onclick=\"return true;\"><\/a><div class=\"uagb-ifb-icon-wrap\"><svg xmlns=\"https:\/\/www.w3.org\/2000\/svg\" viewBox=\"0 0 512 512\"><path d=\"M464 64C490.5 64 512 85.49 512 112C512 127.1 504.9 141.3 492.8 150.4L275.2 313.6C263.8 322.1 248.2 322.1 236.8 313.6L19.2 150.4C7.113 141.3 0 127.1 0 112C0 85.49 21.49 64 48 64H464zM217.6 339.2C240.4 356.3 271.6 356.3 294.4 339.2L512 176V384C512 419.3 483.3 448 448 448H64C28.65 448 0 419.3 0 384V176L217.6 339.2z\"><\/path><\/svg><\/div><div class=\"uagb-ifb-content\"><div class=\"uagb-ifb-title-wrap\"><h4 class=\"uagb-ifb-title\">Email<\/h4><\/div><p class=\"uagb-ifb-desc\">jplgroupassociation@gmail.com<\/p><div class=\"uagb-ifb-button-wrapper wp-block-button\"><\/div><\/div><\/div>\n<\/div>\n<\/div><\/div>\n<\/div><\/div>\n","protected":false},"excerpt":{"rendered":"<p>Plateas Las excavaciones en platea de terrenos implican la remoci\u00f3n y preparaci\u00f3n de suelo para la construcci\u00f3n de una losa de cimentaci\u00f3n a nivel de suelo. Esta pr\u00e1ctica es crucial para establecer una base s\u00f3lida y uniforme que distribuya adecuadamente las cargas de la estructura. La platea act\u00faa como una superficie de apoyo integral, reduciendo &hellip;<\/p>\n<p class=\"read-more\"> <a class=\"\" href=\"https:\/\/jplgroupexcavaciones.com\/index.php\/plateas\/\"> <span class=\"screen-reader-text\">Plateas\u200b<\/span> Read More &raquo;<\/a><\/p>\n","protected":false},"author":1,"featured_media":0,"parent":0,"menu_order":0,"comment_status":"closed","ping_status":"closed","template":"","meta":{"_uag_custom_page_level_css":"","site-sidebar-layout":"no-sidebar","site-content-layout":"plain-container","ast-site-content-layout":"normal-width-container","site-content-style":"unboxed","site-sidebar-style":"unboxed","ast-global-header-display":"","ast-banner-title-visibility":"","ast-main-header-display":"","ast-hfb-above-header-display":"","ast-hfb-below-header-display":"","ast-hfb-mobile-header-display":"","site-post-title":"disabled","ast-breadcrumbs-content":"","ast-featured-img":"disabled","footer-sml-layout":"","theme-transparent-header-meta":"enabled","adv-header-id-meta":"","stick-header-meta":"","header-above-stick-meta":"","header-main-stick-meta":"","header-below-stick-meta":"","astra-migrate-meta-layouts":"set","ast-page-background-enabled":"default","ast-page-background-meta":{"desktop":{"background-color":"","background-image":"","background-repeat":"repeat","background-position":"center center","background-size":"auto","background-attachment":"scroll","background-type":"","background-media":"","overlay-type":"","overlay-color":"","overlay-gradient":""},"tablet":{"background-color":"","background-image":"","background-repeat":"repeat","background-position":"center center","background-size":"auto","background-attachment":"scroll","background-type":"","background-media":"","overlay-type":"","overlay-color":"","overlay-gradient":""},"mobile":{"background-color":"","background-image":"","background-repeat":"repeat","background-position":"center center","background-size":"auto","background-attachment":"scroll","background-type":"","background-media":"","overlay-type":"","overlay-color":"","overlay-gradient":""}},"ast-content-background-meta":{"desktop":{"background-color":"var(--ast-global-color-5)","background-image":"","background-repeat":"repeat","background-position":"center center","background-size":"auto","background-attachment":"scroll","background-type":"","background-media":"","overlay-type":"","overlay-color":"","overlay-gradient":""},"tablet":{"background-color":"var(--ast-global-color-5)","background-image":"","background-repeat":"repeat","background-position":"center center","background-size":"auto","background-attachment":"scroll","background-type":"","background-media":"","overlay-type":"","overlay-color":"","overlay-gradient":""},"mobile":{"background-color":"var(--ast-global-color-5)","background-image":"","background-repeat":"repeat","background-position":"center center","background-size":"auto","background-attachment":"scroll","background-type":"","background-media":"","overlay-type":"","overlay-color":"","overlay-gradient":""}},"_joinchat":[],"footnotes":""},"class_list":["post-2333","page","type-page","status-publish","hentry"],"uagb_featured_image_src":{"full":false,"thumbnail":false,"medium":false,"medium_large":false,"large":false,"1536x1536":false,"2048x2048":false},"uagb_author_info":{"display_name":"jplgroupexcavaciones.com.uy","author_link":"https:\/\/jplgroupexcavaciones.com\/index.php\/author\/jplgroupexcavaciones-com-uy\/"},"uagb_comment_info":0,"uagb_excerpt":"Plateas Las excavaciones en platea de terrenos implican la remoci\u00f3n y preparaci\u00f3n de suelo para la construcci\u00f3n de una losa de cimentaci\u00f3n a nivel de suelo. Esta pr\u00e1ctica es crucial para establecer una base s\u00f3lida y uniforme que distribuya adecuadamente las cargas de la estructura. La platea act\u00faa como una superficie de apoyo integral, reduciendo&hellip;","_links":{"self":[{"href":"https:\/\/jplgroupexcavaciones.com\/index.php\/wp-json\/wp\/v2\/pages\/2333"}],"collection":[{"href":"https:\/\/jplgroupexcavaciones.com\/index.php\/wp-json\/wp\/v2\/pages"}],"about":[{"href":"https:\/\/jplgroupexcavaciones.com\/index.php\/wp-json\/wp\/v2\/types\/page"}],"author":[{"embeddable":true,"href":"https:\/\/jplgroupexcavaciones.com\/index.php\/wp-json\/wp\/v2\/users\/1"}],"replies":[{"embeddable":true,"href":"https:\/\/jplgroupexcavaciones.com\/index.php\/wp-json\/wp\/v2\/comments?post=2333"}],"version-history":[{"count":2,"href":"https:\/\/jplgroupexcavaciones.com\/index.php\/wp-json\/wp\/v2\/pages\/2333\/revisions"}],"predecessor-version":[{"id":2360,"href":"https:\/\/jplgroupexcavaciones.com\/index.php\/wp-json\/wp\/v2\/pages\/2333\/revisions\/2360"}],"wp:attachment":[{"href":"https:\/\/jplgroupexcavaciones.com\/index.php\/wp-json\/wp\/v2\/media?parent=2333"}],"curies":[{"name":"wp","href":"https:\/\/api.w.org\/{rel}","templated":true}]}}